{"id":18,"date":"2025-04-25T11:29:34","date_gmt":"2025-04-25T09:29:34","guid":{"rendered":"https:\/\/flow44.eu\/infos\/?page_id=18"},"modified":"2025-10-15T10:48:16","modified_gmt":"2025-10-15T08:48:16","slug":"professionnel","status":"publish","type":"page","link":"https:\/\/distripro-petfood.fr\/infos\/professionnel\/","title":{"rendered":"Demande de compte professionnel"},"content":{"rendered":"<section class=\"l-section wpb_row us_custom_dcfedfd8 height_medium width_custom with_shape\" style=\"--site-content-width:900px;\"><div class=\"l-section-overlay\" style=\"background:var(--color-custom-5)\"><\/div><div class=\"l-section-shape type_custom pos_bottom\" style=\"height:20vmin;\"><svg xmlns=\"http:\/\/www.w3.org\/2000\/svg\" viewBox=\"0 0 64 8\" preserveAspectRatio=\"none\" width=\"100%\" height=\"100%\">\r\n\t<path fill=\"currentColor\" d=\"M64 8 L0 8 L0 0 L64 0 Z\"\/>\r\n<\/svg><\/div><div class=\"l-section-h i-cf\"><div class=\"g-cols vc_row via_grid cols_1 laptops-cols_inherit tablets-cols_inherit mobiles-cols_1 valign_top type_default stacking_default\"><div class=\"wpb_column vc_column_container\"><div class=\"vc_column-inner\"><div class=\"w-iconbox us_custom_e3a16161 has_text_color iconpos_left style_default color_custom align_left no_text\"><a onclick=\"history.back()\" href=\"#\" class=\"w-iconbox-link\" aria-label=\"Revenir au site\"><div class=\"w-iconbox-icon\" style=\"font-size:2rem;--icon-color:#C20D0D;--icon-bg-color:#e6e2d3;\"><i class=\"fas fa-arrow-left\"><\/i><\/div><\/a><div class=\"w-iconbox-meta\"><span class=\"w-iconbox-title\" style=\"font-size:16px;\"><a onclick=\"history.back()\" href=\"#\" class=\"w-iconbox-link\" aria-label=\"Revenir au site\">Revenir au site<\/a><\/span><\/div><\/div><div class=\"w-separator size_medium\"><\/div><h1 class=\"w-text us_custom_32a691a1 has_text_color\"><span class=\"w-text-h\"><span class=\"w-text-value\">Demande de compte professionnel<\/span><\/span><\/h1><div class=\"wpb_text_column\"><div class=\"wpb_wrapper\"><p data-start=\"111\" data-end=\"336\">Bienvenue chez DISTRIPRO, votre partenaire de confiance pour les fournitures et \u00e9quipements professionnels.<\/p>\n<p data-start=\"111\" data-end=\"336\">Ce formulaire vous permet de cr\u00e9er un compte professionnel afin de b\u00e9n\u00e9ficier de tarifs r\u00e9serv\u00e9s aux pros, d\u2019un acc\u00e8s privil\u00e9gi\u00e9 \u00e0 notre catalogue complet, et d\u2019un accompagnement personnalis\u00e9.<\/p>\n<p>Veuillez compl\u00e9ter les informations ci-dessous pour activer votre compte.<\/p>\n<\/div><\/div><div class=\"w-separator size_medium\"><\/div><div class=\"g-cols wpb_row us_custom_b905c9a1 via_grid cols_1 laptops-cols_inherit tablets-cols_inherit mobiles-cols_1 valign_top type_default stacking_default\" style=\"--columns-gap:3rem;\"><div class=\"wpb_column vc_column_container\"><div class=\"vc_column-inner\"><div class=\"wpforms-container wpforms-render-modern\" id=\"wpforms-6\"><form id=\"wpforms-form-6\" class=\"wpforms-validate wpforms-form wpforms-ajax-form\" data-formid=\"6\" method=\"post\" enctype=\"multipart\/form-data\" action=\"\/infos\/wp-json\/wp\/v2\/pages\/18\" data-token=\"8dab949c0a235c0ef6a0ba22cd8e8b14\" data-token-time=\"1777976382\"><noscript class=\"wpforms-error-noscript\">Veuillez activer JavaScript dans votre navigateur pour remplir ce formulaire.<\/noscript><div id=\"wpforms-error-noscript\" style=\"display: none;\">Veuillez activer JavaScript dans votre navigateur pour remplir ce formulaire.<\/div><div class=\"wpforms-field-container\">\t\t<div id=\"wpforms-6-field_8-container\"\n\t\t\tclass=\"wpforms-field wpforms-field-text\"\n\t\t\tdata-field-type=\"text\"\n\t\t\tdata-field-id=\"8\"\n\t\t\t>\n\t\t\t<label class=\"wpforms-field-label\" for=\"wpforms-6-field_8\" >d&#039;animaux Nom T\u00e9l\u00e9phone<\/label>\n\t\t\t<input type=\"text\" id=\"wpforms-6-field_8\" class=\"wpforms-field-medium\" name=\"wpforms[fields][8]\" >\n\t\t<\/div>\n\t\t<div id=\"wpforms-6-field_14-container\" class=\"wpforms-field wpforms-field-layout\" data-field-id=\"14\"><div class=\"wpforms-field-layout-rows wpforms-field-large\"><div class=\"wpforms-layout-row\"><div class=\"wpforms-layout-column wpforms-layout-column-50\"><div id=\"wpforms-6-field_1-container\" class=\"wpforms-field wpforms-field-text\" data-field-id=\"1\"><label class=\"wpforms-field-label\" for=\"wpforms-6-field_1\">Soci\u00e9t\u00e9 \/ Nom commercial<\/label><input type=\"text\" id=\"wpforms-6-field_1\" class=\"wpforms-field-large\" name=\"wpforms[fields][1]\" placeholder=\"Votre nom de soci\u00e9t\u00e9 \" aria-errormessage=\"wpforms-6-field_1-error\" ><\/div><\/div><div class=\"wpforms-layout-column wpforms-layout-column-50\"><div id=\"wpforms-6-field_15-container\" class=\"wpforms-field wpforms-field-text\" data-field-id=\"15\"><label class=\"wpforms-field-label\" for=\"wpforms-6-field_15\">N\u00b0 SIREN \/ SIRET<\/label><input type=\"text\" id=\"wpforms-6-field_15\" class=\"wpforms-field-large\" name=\"wpforms[fields][15]\" placeholder=\"Votre num\u00e9ro de SIREN ou SIRET\" aria-errormessage=\"wpforms-6-field_15-error\" ><\/div><\/div><\/div><\/div><\/div><div id=\"wpforms-6-field_2-container\" class=\"wpforms-field wpforms-field-layout\" data-field-id=\"2\"><h3 class=\"wpforms-field-label\">\n\t\t\t\tInformations personnelles\n\t\t\t<\/h3><div class=\"wpforms-field-layout-rows wpforms-field-large\"><div class=\"wpforms-layout-row\"><div class=\"wpforms-layout-column wpforms-layout-column-50\"><div id=\"wpforms-6-field_3-container\" class=\"wpforms-field wpforms-field-text\" data-field-id=\"3\"><label class=\"wpforms-field-label\" for=\"wpforms-6-field_3\">Nom <span class=\"wpforms-required-label\" aria-hidden=\"true\">*<\/span><\/label><input type=\"text\" id=\"wpforms-6-field_3\" class=\"wpforms-field-medium wpforms-field-required\" name=\"wpforms[fields][3]\" placeholder=\"Votre nom\" aria-errormessage=\"wpforms-6-field_3-error\" required><\/div><\/div><div class=\"wpforms-layout-column wpforms-layout-column-50\"><div id=\"wpforms-6-field_4-container\" class=\"wpforms-field wpforms-field-text\" data-field-id=\"4\"><label class=\"wpforms-field-label\" for=\"wpforms-6-field_4\">Pr\u00e9nom <span class=\"wpforms-required-label\" aria-hidden=\"true\">*<\/span><\/label><input type=\"text\" id=\"wpforms-6-field_4\" class=\"wpforms-field-medium wpforms-field-required\" name=\"wpforms[fields][4]\" placeholder=\"Votre pr\u00e9nom\" aria-errormessage=\"wpforms-6-field_4-error\" required><\/div><\/div><\/div><div class=\"wpforms-layout-row\"><div class=\"wpforms-layout-column wpforms-layout-column-50\"><div id=\"wpforms-6-field_5-container\" class=\"wpforms-field wpforms-field-email\" data-field-id=\"5\"><label class=\"wpforms-field-label\" for=\"wpforms-6-field_5\">E-mail <span class=\"wpforms-required-label\" aria-hidden=\"true\">*<\/span><\/label><input type=\"email\" id=\"wpforms-6-field_5\" class=\"wpforms-field-medium wpforms-field-required\" name=\"wpforms[fields][5]\" placeholder=\"Votre e-mail\" spellcheck=\"false\" aria-errormessage=\"wpforms-6-field_5-error\" required><\/div><\/div><div class=\"wpforms-layout-column wpforms-layout-column-50\"><div id=\"wpforms-6-field_6-container\" class=\"wpforms-field wpforms-field-phone\" data-field-id=\"6\"><label class=\"wpforms-field-label\" for=\"wpforms-6-field_6\">T\u00e9l\u00e9phone <span class=\"wpforms-required-label\" aria-hidden=\"true\">*<\/span><\/label><input type=\"tel\" id=\"wpforms-6-field_6\" class=\"wpforms-field-medium wpforms-field-required wpforms-smart-phone-field\" data-rule-smart-phone-field=\"true\" name=\"wpforms[fields][6]\" placeholder=\"Votre num\u00e9ro de t\u00e9l\u00e9phone\" aria-label=\"T\u00e9l\u00e9phone\" aria-errormessage=\"wpforms-6-field_6-error\" required><\/div><\/div><\/div><\/div><\/div><div id=\"wpforms-6-field_7-container\" class=\"wpforms-field wpforms-field-layout\" data-field-id=\"7\"><h3 class=\"wpforms-field-label\">\n\t\t\t\tInformations de la soci\u00e9t\u00e9\n\t\t\t<\/h3><div class=\"wpforms-field-layout-rows wpforms-field-large\"><div class=\"wpforms-layout-row\"><div class=\"wpforms-layout-column wpforms-layout-column-33\"><div id=\"wpforms-6-field_9-container\" class=\"wpforms-field wpforms-field-text\" data-field-id=\"9\"><label class=\"wpforms-field-label\" for=\"wpforms-6-field_9\">N\u00b0 de votre rue <span class=\"wpforms-required-label\" aria-hidden=\"true\">*<\/span><\/label><input type=\"text\" id=\"wpforms-6-field_9\" class=\"wpforms-field-medium wpforms-field-required\" name=\"wpforms[fields][9]\" placeholder=\"Votre num\u00e9ro de rue\" aria-errormessage=\"wpforms-6-field_9-error\" required><\/div><\/div><div class=\"wpforms-layout-column wpforms-layout-column-67\"><div id=\"wpforms-6-field_11-container\" class=\"wpforms-field wpforms-field-text\" data-field-id=\"11\"><label class=\"wpforms-field-label\" for=\"wpforms-6-field_11\">Nom de votre rue <span class=\"wpforms-required-label\" aria-hidden=\"true\">*<\/span><\/label><input type=\"text\" id=\"wpforms-6-field_11\" class=\"wpforms-field-medium wpforms-field-required\" name=\"wpforms[fields][11]\" placeholder=\"Votre nom de rue\" aria-errormessage=\"wpforms-6-field_11-error\" required><\/div><\/div><\/div><div class=\"wpforms-layout-row\"><div class=\"wpforms-layout-column wpforms-layout-column-33\"><div id=\"wpforms-6-field_12-container\" class=\"wpforms-field wpforms-field-text\" data-field-id=\"12\"><label class=\"wpforms-field-label\" for=\"wpforms-6-field_12\">Code Postal <span class=\"wpforms-required-label\" aria-hidden=\"true\">*<\/span><\/label><input type=\"text\" id=\"wpforms-6-field_12\" class=\"wpforms-field-medium wpforms-field-required\" name=\"wpforms[fields][12]\" placeholder=\"Votre code postal\" aria-errormessage=\"wpforms-6-field_12-error\" required><\/div><\/div><div class=\"wpforms-layout-column wpforms-layout-column-67\"><div id=\"wpforms-6-field_13-container\" class=\"wpforms-field wpforms-field-text\" data-field-id=\"13\"><label class=\"wpforms-field-label\" for=\"wpforms-6-field_13\">Ville <span class=\"wpforms-required-label\" aria-hidden=\"true\">*<\/span><\/label><input type=\"text\" id=\"wpforms-6-field_13\" class=\"wpforms-field-medium wpforms-field-required\" name=\"wpforms[fields][13]\" placeholder=\"Votre nom de ville\" aria-errormessage=\"wpforms-6-field_13-error\" required><\/div><\/div><\/div><\/div><\/div><div id=\"wpforms-6-field_23-container\" class=\"wpforms-field wpforms-field-layout\" data-field-id=\"23\"><div class=\"wpforms-field-layout-rows wpforms-field-large\"><div class=\"wpforms-layout-row\"><div class=\"wpforms-layout-column wpforms-layout-column-100\"><div id=\"wpforms-6-field_22-container\" class=\"wpforms-field wpforms-field-radio form-flex wpforms-list-inline\" data-field-id=\"22\"><fieldset><legend class=\"wpforms-field-label\">Combien avez-vous d&#039;animaux ? <span class=\"wpforms-required-label\" aria-hidden=\"true\">*<\/span><\/legend><ul id=\"wpforms-6-field_22\" class=\"wpforms-field-required\"><li class=\"choice-1 depth-1\"><input type=\"radio\" id=\"wpforms-6-field_22_1\" name=\"wpforms[fields][22]\" value=\"0 - 5\" aria-errormessage=\"wpforms-6-field_22_1-error\" required ><label class=\"wpforms-field-label-inline\" for=\"wpforms-6-field_22_1\">0 - 5<\/label><\/li><li class=\"choice-2 depth-1\"><input type=\"radio\" id=\"wpforms-6-field_22_2\" name=\"wpforms[fields][22]\" value=\"5 - 10\" aria-errormessage=\"wpforms-6-field_22_2-error\" required ><label class=\"wpforms-field-label-inline\" for=\"wpforms-6-field_22_2\">5 - 10<\/label><\/li><li class=\"choice-3 depth-1\"><input type=\"radio\" id=\"wpforms-6-field_22_3\" name=\"wpforms[fields][22]\" value=\"10 - 20\" aria-errormessage=\"wpforms-6-field_22_3-error\" required ><label class=\"wpforms-field-label-inline\" for=\"wpforms-6-field_22_3\">10 - 20<\/label><\/li><li class=\"choice-5 depth-1\"><input type=\"radio\" id=\"wpforms-6-field_22_5\" name=\"wpforms[fields][22]\" value=\"50 - 100\" aria-errormessage=\"wpforms-6-field_22_5-error\" required ><label class=\"wpforms-field-label-inline\" for=\"wpforms-6-field_22_5\">50 - 100<\/label><\/li><li class=\"choice-4 depth-1\"><input type=\"radio\" id=\"wpforms-6-field_22_4\" name=\"wpforms[fields][22]\" value=\"100+\" aria-errormessage=\"wpforms-6-field_22_4-error\" required ><label class=\"wpforms-field-label-inline\" for=\"wpforms-6-field_22_4\">100+<\/label><\/li><\/ul><\/fieldset><\/div><\/div><\/div><div class=\"wpforms-layout-row\"><div class=\"wpforms-layout-column wpforms-layout-column-100\"><div id=\"wpforms-6-field_21-container\" class=\"wpforms-field wpforms-field-checkbox form-flex wpforms-list-inline\" data-field-id=\"21\"><fieldset><legend class=\"wpforms-field-label\">Quels animaux ? <span class=\"wpforms-required-label\" aria-hidden=\"true\">*<\/span><\/legend><ul id=\"wpforms-6-field_21\" class=\"wpforms-field-required\"><li class=\"choice-1 depth-1\"><input type=\"checkbox\" id=\"wpforms-6-field_21_1\" name=\"wpforms[fields][21][]\" value=\"Chiens\" aria-errormessage=\"wpforms-6-field_21_1-error\" required ><label class=\"wpforms-field-label-inline\" for=\"wpforms-6-field_21_1\">Chiens<\/label><\/li><li class=\"choice-2 depth-1\"><input type=\"checkbox\" id=\"wpforms-6-field_21_2\" name=\"wpforms[fields][21][]\" value=\"Chats\" aria-errormessage=\"wpforms-6-field_21_2-error\" required ><label class=\"wpforms-field-label-inline\" for=\"wpforms-6-field_21_2\">Chats<\/label><\/li><li class=\"choice-3 depth-1\"><input type=\"checkbox\" id=\"wpforms-6-field_21_3\" name=\"wpforms[fields][21][]\" value=\"Chevaux\" aria-errormessage=\"wpforms-6-field_21_3-error\" required ><label class=\"wpforms-field-label-inline\" for=\"wpforms-6-field_21_3\">Chevaux<\/label><\/li><li class=\"choice-4 depth-1\"><input type=\"checkbox\" id=\"wpforms-6-field_21_4\" name=\"wpforms[fields][21][]\" value=\"Autres\" aria-errormessage=\"wpforms-6-field_21_4-error\" required ><label class=\"wpforms-field-label-inline\" for=\"wpforms-6-field_21_4\">Autres<\/label><\/li><\/ul><\/fieldset><\/div><\/div><\/div><\/div><\/div><div id=\"wpforms-6-field_17-container\" class=\"wpforms-field wpforms-field-checkbox\" data-field-id=\"17\"><fieldset><legend class=\"wpforms-field-label wpforms-label-hide\" aria-hidden=\"false\">RGPD <span class=\"wpforms-required-label\" aria-hidden=\"true\">*<\/span><\/legend><ul id=\"wpforms-6-field_17\" class=\"wpforms-field-required\"><li class=\"choice-1 depth-1\"><input type=\"checkbox\" id=\"wpforms-6-field_17_1\" name=\"wpforms[fields][17][]\" value=\"J\u2019accepte que mes donn\u00e9es personnelles soient collect\u00e9es et trait\u00e9es conform\u00e9ment \u00e0 la politique de confidentialit\u00e9. Je comprends que je peux retirer mon consentement \u00e0 tout moment.\" aria-errormessage=\"wpforms-6-field_17_1-error\" required ><label class=\"wpforms-field-label-inline\" for=\"wpforms-6-field_17_1\">J\u2019accepte que mes donn\u00e9es personnelles soient collect\u00e9es et trait\u00e9es conform\u00e9ment \u00e0 la politique de confidentialit\u00e9. Je comprends que je peux retirer mon consentement \u00e0 tout moment.<\/label><\/li><\/ul><\/fieldset><\/div><div id=\"wpforms-6-field_18-container\" class=\"wpforms-field wpforms-field-checkbox\" data-field-id=\"18\"><fieldset><legend class=\"wpforms-field-label wpforms-label-hide\" aria-hidden=\"false\">NEWSLETTERS<\/legend><ul id=\"wpforms-6-field_18\"><li class=\"choice-1 depth-1\"><input type=\"checkbox\" id=\"wpforms-6-field_18_1\" name=\"wpforms[fields][18][]\" value=\"Je souhaite recevoir la lettre d\u2019information par e-mail. J\u2019accepte que mon adresse e-mail soit utilis\u00e9e \u00e0 cette fin, conform\u00e9ment \u00e0 la politique de confidentialit\u00e9. Je peux me d\u00e9sinscrire \u00e0 tout moment.\" aria-errormessage=\"wpforms-6-field_18_1-error\"  ><label class=\"wpforms-field-label-inline\" for=\"wpforms-6-field_18_1\">Je souhaite recevoir la lettre d\u2019information par e-mail. J\u2019accepte que mon adresse e-mail soit utilis\u00e9e \u00e0 cette fin, conform\u00e9ment \u00e0 la politique de confidentialit\u00e9. Je peux me d\u00e9sinscrire \u00e0 tout moment.<\/label><\/li><\/ul><\/fieldset><\/div><script>\n\t\t\t\t( function() {\n\t\t\t\t\tconst style = document.createElement( 'style' );\n\t\t\t\t\tstyle.appendChild( document.createTextNode( '#wpforms-6-field_8-container { position: absolute !important; overflow: hidden !important; display: inline !important; height: 1px !important; width: 1px !important; z-index: -1000 !important; padding: 0 !important; } #wpforms-6-field_8-container input { visibility: hidden; } #wpforms-conversational-form-page #wpforms-6-field_8-container label { counter-increment: none; }' ) );\n\t\t\t\t\tdocument.head.appendChild( style );\n\t\t\t\t\tdocument.currentScript?.remove();\n\t\t\t\t} )();\n\t\t\t<\/script><\/div><!-- .wpforms-field-container --><div class=\"wpforms-submit-container\" ><input type=\"hidden\" name=\"wpforms[id]\" value=\"6\"><input type=\"hidden\" name=\"page_title\" value=\"\"><input type=\"hidden\" name=\"page_url\" value=\"https:\/\/distripro-petfood.fr\/infos\/wp-json\/wp\/v2\/pages\/18\"><input type=\"hidden\" name=\"url_referer\" value=\"\"><button type=\"submit\" name=\"wpforms[submit]\" id=\"wpforms-submit-6\" class=\"wpforms-submit\" data-alt-text=\"Envoi...\" data-submit-text=\"Envoyer ma demande\" aria-live=\"assertive\" value=\"wpforms-submit\">Envoyer ma demande<\/button><img loading=\"lazy\" decoding=\"async\" src=\"https:\/\/distripro-petfood.fr\/infos\/wp-content\/plugins\/wpforms\/assets\/images\/submit-spin.svg\" class=\"wpforms-submit-spinner\" style=\"display: none;\" width=\"26\" height=\"26\" alt=\"Chargement en cours\"><\/div><\/form><\/div>  <!-- .wpforms-container --><\/div><\/div><\/div><\/div><\/div><\/div><\/div><\/section>\n","protected":false},"excerpt":{"rendered":"Revenir au siteDemande de compte professionnelBienvenue chez DISTRIPRO, votre partenaire de confiance pour les fournitures et \u00e9quipements professionnels. Ce formulaire vous permet de cr\u00e9er un compte professionnel afin de b\u00e9n\u00e9ficier de tarifs r\u00e9serv\u00e9s aux pros, d\u2019un acc\u00e8s privil\u00e9gi\u00e9 \u00e0 notre catalogue complet, et d\u2019un accompagnement personnalis\u00e9. Veuillez compl\u00e9ter les informations ci-dessous pour activer votre compte....","protected":false},"author":1,"featured_media":0,"parent":0,"menu_order":0,"comment_status":"closed","ping_status":"closed","template":"","meta":{"footnotes":""},"class_list":["post-18","page","type-page","status-publish","hentry"],"yoast_head":"<!-- This site is optimized with the Yoast SEO plugin v27.5 - https:\/\/yoast.com\/product\/yoast-seo-wordpress\/ -->\n<title>Demande de compte professionnel - Distripro<\/title>\n<meta name=\"description\" content=\"Distripro, votre partenaire de confiance pour les fournitures et \u00e9quipements professionnels. Cr\u00e9ation d&#039;un compte professionnel.\" \/>\n<meta name=\"robots\" content=\"index, follow, max-snippet:-1, max-image-preview:large, max-video-preview:-1\" \/>\n<link rel=\"canonical\" href=\"https:\/\/distripro-petfood.fr\/infos\/professionnel\/\" \/>\n<meta property=\"og:locale\" content=\"fr_FR\" \/>\n<meta property=\"og:type\" content=\"article\" \/>\n<meta property=\"og:title\" content=\"Demande de compte professionnel - Distripro\" \/>\n<meta property=\"og:description\" content=\"Distripro, votre partenaire de confiance pour les fournitures et \u00e9quipements professionnels. Cr\u00e9ation d&#039;un compte professionnel.\" \/>\n<meta property=\"og:url\" content=\"https:\/\/distripro-petfood.fr\/infos\/professionnel\/\" \/>\n<meta property=\"og:site_name\" content=\"Distripro\" \/>\n<meta property=\"article:modified_time\" content=\"2025-10-15T08:48:16+00:00\" \/>\n<meta name=\"twitter:card\" content=\"summary_large_image\" \/>\n<meta name=\"twitter:label1\" content=\"Dur\u00e9e de lecture estim\u00e9e\" \/>\n\t<meta name=\"twitter:data1\" content=\"1 minute\" \/>\n<script type=\"application\/ld+json\" class=\"yoast-schema-graph\">{\"@context\":\"https:\\\/\\\/schema.org\",\"@graph\":[{\"@type\":\"WebPage\",\"@id\":\"https:\\\/\\\/distripro-petfood.fr\\\/infos\\\/professionnel\\\/\",\"url\":\"https:\\\/\\\/distripro-petfood.fr\\\/infos\\\/professionnel\\\/\",\"name\":\"Demande de compte professionnel - Distripro\",\"isPartOf\":{\"@id\":\"https:\\\/\\\/distripro-petfood.fr\\\/infos\\\/#website\"},\"datePublished\":\"2025-04-25T09:29:34+00:00\",\"dateModified\":\"2025-10-15T08:48:16+00:00\",\"description\":\"Distripro, votre partenaire de confiance pour les fournitures et \u00e9quipements professionnels. Cr\u00e9ation d'un compte professionnel.\",\"breadcrumb\":{\"@id\":\"https:\\\/\\\/distripro-petfood.fr\\\/infos\\\/professionnel\\\/#breadcrumb\"},\"inLanguage\":\"fr-FR\",\"potentialAction\":[{\"@type\":\"ReadAction\",\"target\":[\"https:\\\/\\\/distripro-petfood.fr\\\/infos\\\/professionnel\\\/\"]}]},{\"@type\":\"BreadcrumbList\",\"@id\":\"https:\\\/\\\/distripro-petfood.fr\\\/infos\\\/professionnel\\\/#breadcrumb\",\"itemListElement\":[{\"@type\":\"ListItem\",\"position\":1,\"name\":\"Accueil\",\"item\":\"https:\\\/\\\/distripro-petfood.fr\\\/infos\\\/\"},{\"@type\":\"ListItem\",\"position\":2,\"name\":\"Demande de compte professionnel\"}]},{\"@type\":\"WebSite\",\"@id\":\"https:\\\/\\\/distripro-petfood.fr\\\/infos\\\/#website\",\"url\":\"https:\\\/\\\/distripro-petfood.fr\\\/infos\\\/\",\"name\":\"Distripro\",\"description\":\"\",\"publisher\":{\"@id\":\"https:\\\/\\\/distripro-petfood.fr\\\/infos\\\/#organization\"},\"potentialAction\":[{\"@type\":\"SearchAction\",\"target\":{\"@type\":\"EntryPoint\",\"urlTemplate\":\"https:\\\/\\\/distripro-petfood.fr\\\/infos\\\/?s={search_term_string}\"},\"query-input\":{\"@type\":\"PropertyValueSpecification\",\"valueRequired\":true,\"valueName\":\"search_term_string\"}}],\"inLanguage\":\"fr-FR\"},{\"@type\":\"Organization\",\"@id\":\"https:\\\/\\\/distripro-petfood.fr\\\/infos\\\/#organization\",\"name\":\"Distripro\",\"url\":\"https:\\\/\\\/distripro-petfood.fr\\\/infos\\\/\",\"logo\":{\"@type\":\"ImageObject\",\"inLanguage\":\"fr-FR\",\"@id\":\"https:\\\/\\\/distripro-petfood.fr\\\/infos\\\/#\\\/schema\\\/logo\\\/image\\\/\",\"url\":\"https:\\\/\\\/distripro-petfood.fr\\\/infos\\\/wp-content\\\/uploads\\\/2025\\\/05\\\/240711_DistriPro_Logo_jb-22-scaled.png\",\"contentUrl\":\"https:\\\/\\\/distripro-petfood.fr\\\/infos\\\/wp-content\\\/uploads\\\/2025\\\/05\\\/240711_DistriPro_Logo_jb-22-scaled.png\",\"width\":2560,\"height\":617,\"caption\":\"Distripro\"},\"image\":{\"@id\":\"https:\\\/\\\/distripro-petfood.fr\\\/infos\\\/#\\\/schema\\\/logo\\\/image\\\/\"}}]}<\/script>\n<!-- \/ Yoast SEO plugin. -->","yoast_head_json":{"title":"Demande de compte professionnel - Distripro","description":"Distripro, votre partenaire de confiance pour les fournitures et \u00e9quipements professionnels. Cr\u00e9ation d'un compte professionnel.","robots":{"index":"index","follow":"follow","max-snippet":"max-snippet:-1","max-image-preview":"max-image-preview:large","max-video-preview":"max-video-preview:-1"},"canonical":"https:\/\/distripro-petfood.fr\/infos\/professionnel\/","og_locale":"fr_FR","og_type":"article","og_title":"Demande de compte professionnel - Distripro","og_description":"Distripro, votre partenaire de confiance pour les fournitures et \u00e9quipements professionnels. Cr\u00e9ation d'un compte professionnel.","og_url":"https:\/\/distripro-petfood.fr\/infos\/professionnel\/","og_site_name":"Distripro","article_modified_time":"2025-10-15T08:48:16+00:00","twitter_card":"summary_large_image","twitter_misc":{"Dur\u00e9e de lecture estim\u00e9e":"1 minute"},"schema":{"@context":"https:\/\/schema.org","@graph":[{"@type":"WebPage","@id":"https:\/\/distripro-petfood.fr\/infos\/professionnel\/","url":"https:\/\/distripro-petfood.fr\/infos\/professionnel\/","name":"Demande de compte professionnel - Distripro","isPartOf":{"@id":"https:\/\/distripro-petfood.fr\/infos\/#website"},"datePublished":"2025-04-25T09:29:34+00:00","dateModified":"2025-10-15T08:48:16+00:00","description":"Distripro, votre partenaire de confiance pour les fournitures et \u00e9quipements professionnels. Cr\u00e9ation d'un compte professionnel.","breadcrumb":{"@id":"https:\/\/distripro-petfood.fr\/infos\/professionnel\/#breadcrumb"},"inLanguage":"fr-FR","potentialAction":[{"@type":"ReadAction","target":["https:\/\/distripro-petfood.fr\/infos\/professionnel\/"]}]},{"@type":"BreadcrumbList","@id":"https:\/\/distripro-petfood.fr\/infos\/professionnel\/#breadcrumb","itemListElement":[{"@type":"ListItem","position":1,"name":"Accueil","item":"https:\/\/distripro-petfood.fr\/infos\/"},{"@type":"ListItem","position":2,"name":"Demande de compte professionnel"}]},{"@type":"WebSite","@id":"https:\/\/distripro-petfood.fr\/infos\/#website","url":"https:\/\/distripro-petfood.fr\/infos\/","name":"Distripro","description":"","publisher":{"@id":"https:\/\/distripro-petfood.fr\/infos\/#organization"},"potentialAction":[{"@type":"SearchAction","target":{"@type":"EntryPoint","urlTemplate":"https:\/\/distripro-petfood.fr\/infos\/?s={search_term_string}"},"query-input":{"@type":"PropertyValueSpecification","valueRequired":true,"valueName":"search_term_string"}}],"inLanguage":"fr-FR"},{"@type":"Organization","@id":"https:\/\/distripro-petfood.fr\/infos\/#organization","name":"Distripro","url":"https:\/\/distripro-petfood.fr\/infos\/","logo":{"@type":"ImageObject","inLanguage":"fr-FR","@id":"https:\/\/distripro-petfood.fr\/infos\/#\/schema\/logo\/image\/","url":"https:\/\/distripro-petfood.fr\/infos\/wp-content\/uploads\/2025\/05\/240711_DistriPro_Logo_jb-22-scaled.png","contentUrl":"https:\/\/distripro-petfood.fr\/infos\/wp-content\/uploads\/2025\/05\/240711_DistriPro_Logo_jb-22-scaled.png","width":2560,"height":617,"caption":"Distripro"},"image":{"@id":"https:\/\/distripro-petfood.fr\/infos\/#\/schema\/logo\/image\/"}}]}},"_links":{"self":[{"href":"https:\/\/distripro-petfood.fr\/infos\/wp-json\/wp\/v2\/pages\/18","targetHints":{"allow":["GET"]}}],"collection":[{"href":"https:\/\/distripro-petfood.fr\/infos\/wp-json\/wp\/v2\/pages"}],"about":[{"href":"https:\/\/distripro-petfood.fr\/infos\/wp-json\/wp\/v2\/types\/page"}],"author":[{"embeddable":true,"href":"https:\/\/distripro-petfood.fr\/infos\/wp-json\/wp\/v2\/users\/1"}],"replies":[{"embeddable":true,"href":"https:\/\/distripro-petfood.fr\/infos\/wp-json\/wp\/v2\/comments?post=18"}],"version-history":[{"count":39,"href":"https:\/\/distripro-petfood.fr\/infos\/wp-json\/wp\/v2\/pages\/18\/revisions"}],"predecessor-version":[{"id":25,"href":"https:\/\/distripro-petfood.fr\/infos\/wp-json\/wp\/v2\/pages\/18\/revisions\/25"}],"wp:attachment":[{"href":"https:\/\/distripro-petfood.fr\/infos\/wp-json\/wp\/v2\/media?parent=18"}],"curies":[{"name":"wp","href":"https:\/\/api.w.org\/{rel}","templated":true}]}}